{"id":441,"date":"2021-11-16T19:55:16","date_gmt":"2021-11-16T18:55:16","guid":{"rendered":"http:\/\/foerderverein-kita-olpe.de\/?page_id=441"},"modified":"2024-04-09T10:17:08","modified_gmt":"2024-04-09T08:17:08","slug":"schulengel","status":"publish","type":"page","link":"https:\/\/foerderverein-kita-olpe.de\/index.php\/schulengel\/","title":{"rendered":"Gooding"},"content":{"rendered":"\n<p>Verwandeln Sie Online-Eink\u00e4ufe in eine gute Tat \u2013 ganz ohne Mehrkosten!<\/p>\n\n\n\n<p>Spenden sammeln mit gooding.de ist so einfach: Bei Gooding finden sich mehr als 1.600 Partnershops, die jeden Einkauf \u00fcber  gooding.de  mit einer Dankesch\u00f6n-Pr\u00e4mie belohnen: je nach Shop bis zu 15 % des Nettopreises und ohne dass der Einkauf auch nur einen Cent teurer wird!<\/p>\n\n\n\n<p>\u00dcber einen Klick auf das Banner gelangen Sie direkt zu unserer Seite bei Gooding.<\/p>\n\n\n\n<div style=\"align-items: center; justify-content: center; display: flex;\"><iframe loading=\"lazy\" width=\"468\" height=\"175\"  name=\"Gooding Banner-Widget\" id=\"Gooding Banner-Widget\" frameborder=\"0\" allowtransparency=\"true\" scrolling=\"yes\" title=\"Gooding Banner-Widget\" src=\"https:\/\/erweiterungen.gooding.de\/app\/widget\/caritas-kindertagesstaette-kuerten-olpe-117984\/high-banner\/tab\/0\/donations\/1\/v\/1712650491.oAWoO8tgZkNTymX%252BIpGUE9tMzLjrqicb%252BhjZTj3DEmcJWTJMBls9QZUuP47ASfBB1b1MQGenF6%252BfOQ5zsH3qzydOrTJQRZJ2hwbd4JGm%252BzUNkv7jvHslVlpymfgTXO4XMQA0pLlj%252Brut4qloBmKovHnnHTV0gt0boui89trcvBc%253D\"><\/iframe><\/div>\n\n\n\n<p><\/p>\n","protected":false},"excerpt":{"rendered":"<p>Verwandeln Sie Online-Eink\u00e4ufe in eine gute Tat \u2013 ganz ohne Mehrkosten! Spenden sammeln mit gooding.de ist so einfach: Bei Gooding &hellip; <\/p>\n","protected":false},"author":1,"featured_media":653,"parent":0,"menu_order":0,"comment_status":"closed","ping_status":"closed","template":"","meta":{"footnotes":""},"class_list":["post-441","page","type-page","status-publish","has-post-thumbnail","hentry"],"_links":{"self":[{"href":"https:\/\/foerderverein-kita-olpe.de\/index.php\/wp-json\/wp\/v2\/pages\/441","targetHints":{"allow":["GET"]}}],"collection":[{"href":"https:\/\/foerderverein-kita-olpe.de\/index.php\/wp-json\/wp\/v2\/pages"}],"about":[{"href":"https:\/\/foerderverein-kita-olpe.de\/index.php\/wp-json\/wp\/v2\/types\/page"}],"author":[{"embeddable":true,"href":"https:\/\/foerderverein-kita-olpe.de\/index.php\/wp-json\/wp\/v2\/users\/1"}],"replies":[{"embeddable":true,"href":"https:\/\/foerderverein-kita-olpe.de\/index.php\/wp-json\/wp\/v2\/comments?post=441"}],"version-history":[{"count":7,"href":"https:\/\/foerderverein-kita-olpe.de\/index.php\/wp-json\/wp\/v2\/pages\/441\/revisions"}],"predecessor-version":[{"id":654,"href":"https:\/\/foerderverein-kita-olpe.de\/index.php\/wp-json\/wp\/v2\/pages\/441\/revisions\/654"}],"wp:featuredmedia":[{"embeddable":true,"href":"https:\/\/foerderverein-kita-olpe.de\/index.php\/wp-json\/wp\/v2\/media\/653"}],"wp:attachment":[{"href":"https:\/\/foerderverein-kita-olpe.de\/index.php\/wp-json\/wp\/v2\/media?parent=441"}],"curies":[{"name":"wp","href":"https:\/\/api.w.org\/{rel}","templated":true}]}}