{"id":3,"date":"2021-07-05T20:20:37","date_gmt":"2021-07-05T18:20:37","guid":{"rendered":"http:\/\/test.foerderverein-kita-olpe.de\/?page_id=3"},"modified":"2024-09-10T12:57:21","modified_gmt":"2024-09-10T10:57:21","slug":"datenschutzerklaerung","status":"publish","type":"page","link":"https:\/\/foerderverein-kita-olpe.de\/index.php\/datenschutzerklaerung\/","title":{"rendered":"Datenschutz \/ Impressum"},"content":{"rendered":"\n<p>Gem\u00e4\u00df \u00a7 28 BDSG widersprechen wir jeder kommerziellen Verwendung und jeder sonstigen Weitergabe und anderweitigen Ver\u00f6ffentlichung untenstehender Daten.<\/p>\n\n\n\n<h2 class=\"wp-block-heading\">Inhaltlich verantwortlich<\/h2>\n\n\n\n<p><strong class=\"privacy-policy-tutorial\">Privatperson: <\/strong><br>Kindergartenf\u00f6rderverein Olpe e.V<br>Hofwiese 5<br>51515 K\u00fcrten<br>E-Mail: <a href=\"mailto:info@foerderverein-kita.olpe.de\" target=\"_blank\" rel=\"noreferrer noopener\">info@foerderverein-kita.olpe.de<\/a><\/p>\n\n\n\n<h2 class=\"wp-block-heading\">Spenden<\/h2>\n\n\n\n<p><strong class=\"privacy-policy-tutorial\">Spenden k\u00f6nnen jederzeit an die folgende Bankverbindung geschickt werden: <\/strong><\/p>\n\n\n\n<p>Volksbank Berg<br>IBAN: DE23 3706 9125 0400 2470 21<br>BIC: GENODED1RKO<\/p>\n\n\n\n<h2 class=\"wp-block-heading\">Haftungsausschluss<\/h2>\n\n\n\n<p>Der Betreiber ist bem\u00fcht, sein Webangebot stets aktuell und inhaltlich richtig sowie vollst\u00e4ndig anzubieten. Dennoch ist das Auftreten von Fehlern nicht v\u00f6llig auszuschlie\u00dfen.<\/p>\n\n\n\n<p>Der Betreiber \u00fcbernimmt keine Haftung f\u00fcr die Aktualit\u00e4t, die inhaltliche Richtigkeit sowie f\u00fcr die Vollst\u00e4ndigkeit der in seinem Webangebot eingestellten Informationen, es sei denn die Fehler wurden vors\u00e4tzlich oder grob fahrl\u00e4ssig aufgenommen. Dies bezieht sich auf eventuelle Sch\u00e4den materieller oder ideeller Art Dritter, die durch die Nutzung dieses Webangebotes verursacht wurden.<\/p>\n\n\n\n<p>Wenn du dich anmeldest, werden wir einige Cookies einrichten, um deine Anmeldeinformationen und Anzeigeoptionen zu speichern. Anmelde-Cookies verfallen nach zwei Tagen und Cookies f\u00fcr die Anzeigeoptionen nach einem Jahr. Falls du bei der Anmeldung \u201eAngemeldet bleiben\u201c ausw\u00e4hlst, wird deine Anmeldung zwei Wochen lang aufrechterhalten. Mit der Abmeldung aus deinem Konto werden die Anmelde-Cookies gel\u00f6scht.<\/p>\n\n\n\n<p>Wenn du einen Artikel bearbeitest oder ver\u00f6ffentlichst, wird ein zus\u00e4tzlicher Cookie in deinem Browser gespeichert. Dieser Cookie enth\u00e4lt keine personenbezogenen Daten und verweist nur auf die Beitrags-ID des Artikels, den du gerade bearbeitet hast. Der Cookie verf\u00e4llt nach einem Tag.<\/p>\n\n\n\n<h2 class=\"wp-block-heading\">Copyright<\/h2>\n\n\n\n<p>Das Layout der Homepage, die verwendeten Grafiken und Bilder, die Sammlung sowie einzelnen Beitr\u00e4ge sind urheberrechtlich gesch\u00fctzt.<\/p>\n\n\n\n<p>Alle Rechte, auch die der fotomechanischen Wiedergabe, der Vervielf\u00e4ltigung und der Verbreitung mittels besonderer Verfahren (zum Beispiel Datenverarbeitung, Datentr\u00e4ger und Datennetze), auch teilweise, beh\u00e4lt sich der Betreiber vor.<\/p>\n\n\n\n<p>Die Urheberrechte aller auf dieser Homepage angegebenen Markennamen, Produktbezeichnungen, Firmennamen und Zeichen sind Eigentum der jeweiligen Hersteller und Anbieter.<\/p>\n\n\n\n<h2 class=\"wp-block-heading\">Externe Verweise und Links<\/h2>\n\n\n\n<p>Mit Urteil vom 12.Mai 1998 hat das LG Hamburg entschieden, dass man durch die Ausbringung eines Links die Inhalte der gelinkten Seite ggf. mit zu verantworten hat. Dies kann, so das LG, nur dadurch verhindert werden, dass man sich ausdr\u00fccklich von diesen Inhalten distanziert.<\/p>\n\n\n\n<p>Wir haben auf unseren Seiten Links zu Seiten im Internet gelegt, deren Inhalt und Aktualisierung nicht dem Einflussbereich des Betreibers unterliegen. F\u00fcr alle diese Links gilt: &#8222;Der Betreiber hat keinen Einfluss auf Gestaltung und Inhalte fremder Internetseiten.<\/p>\n\n\n\n<p>Er distanziert sich daher von allen fremden Inhalten, auch wenn von Seiten des Betreibers auf diese externe Seiten ein Link gesetzt wurde.&#8220; Er distanziert sich hiermit ebenfalls von den Inhalten der Foren, Chats und G\u00e4steb\u00fccher.<\/p>\n\n\n\n<p>Diese Erkl\u00e4rung gilt f\u00fcr alle auf dieser Homepage, Foren, G\u00e4steb\u00fccher oder Chats angezeigten Links und f\u00fcr alle Inhalte der Seiten, zu denen die bei uns angemeldeten Banner und Links f\u00fchren.<\/p>\n\n\n\n<h2 class=\"wp-block-heading\">Datenschutz<\/h2>\n\n\n\n<p>Sofern innerhalb des Internetangebotes die M\u00f6glichkeit der Eingabe von pers\u00f6nlichen Daten (E-Mailadresse, Namen, Anschriften) besteht, erfolgt diese freiwillig. Der Betreiber erkl\u00e4rt ausdr\u00fccklich, dass er diese Daten nicht an Dritte weitergibt.<\/p>\n\n\n\n<h2 class=\"wp-block-heading\">Rechtswirksamkeit<\/h2>\n\n\n\n<p>Dieser Haftungsausschluss ist Teil des Internetangebotes des Betreibers dieser Webseite. Sofern einzelne Formulierungen oder Teile dieses Textes der geltenden Rechtslage nicht mehr oder nicht mehr vollst\u00e4ndig entsprechen, bleiben die \u00fcbrigen Teile dieser Erkl\u00e4rung davon unber\u00fchrt.<\/p>\n\n\n\n<h2 class=\"wp-block-heading\">Sonstiges<\/h2>\n\n\n\n<p>Sollte jemand durch einen auf www.foerderverein-kita-olpe.de angebrachten Link auf eine Seite mit bedenklichem Inhalt gelangen, w\u00e4ren wir \u00fcber eine entsprechende Nachricht dankbar, damit wir diesen Link ggf. entfernen k\u00f6nnen.<\/p>\n","protected":false},"excerpt":{"rendered":"<p>Gem\u00e4\u00df \u00a7 28 BDSG widersprechen wir jeder kommerziellen Verwendung und jeder sonstigen Weitergabe und anderweitigen Ver\u00f6ffentlichung untenstehender Daten. Inhaltlich verantwortlich &hellip; <\/p>\n","protected":false},"author":1,"featured_media":98,"parent":0,"menu_order":0,"comment_status":"closed","ping_status":"open","template":"","meta":{"footnotes":""},"class_list":["post-3","page","type-page","status-publish","has-post-thumbnail","hentry"],"_links":{"self":[{"href":"https:\/\/foerderverein-kita-olpe.de\/index.php\/wp-json\/wp\/v2\/pages\/3","targetHints":{"allow":["GET"]}}],"collection":[{"href":"https:\/\/foerderverein-kita-olpe.de\/index.php\/wp-json\/wp\/v2\/pages"}],"about":[{"href":"https:\/\/foerderverein-kita-olpe.de\/index.php\/wp-json\/wp\/v2\/types\/page"}],"author":[{"embeddable":true,"href":"https:\/\/foerderverein-kita-olpe.de\/index.php\/wp-json\/wp\/v2\/users\/1"}],"replies":[{"embeddable":true,"href":"https:\/\/foerderverein-kita-olpe.de\/index.php\/wp-json\/wp\/v2\/comments?post=3"}],"version-history":[{"count":7,"href":"https:\/\/foerderverein-kita-olpe.de\/index.php\/wp-json\/wp\/v2\/pages\/3\/revisions"}],"predecessor-version":[{"id":669,"href":"https:\/\/foerderverein-kita-olpe.de\/index.php\/wp-json\/wp\/v2\/pages\/3\/revisions\/669"}],"wp:featuredmedia":[{"embeddable":true,"href":"https:\/\/foerderverein-kita-olpe.de\/index.php\/wp-json\/wp\/v2\/media\/98"}],"wp:attachment":[{"href":"https:\/\/foerderverein-kita-olpe.de\/index.php\/wp-json\/wp\/v2\/media?parent=3"}],"curies":[{"name":"wp","href":"https:\/\/api.w.org\/{rel}","templated":true}]}}