{"id":28,"date":"2021-07-05T22:32:29","date_gmt":"2021-07-05T20:32:29","guid":{"rendered":"http:\/\/test.foerderverein-kita-olpe.de\/?page_id=28"},"modified":"2021-07-07T21:17:59","modified_gmt":"2021-07-07T19:17:59","slug":"satzung","status":"publish","type":"page","link":"https:\/\/foerderverein-kita-olpe.de\/index.php\/satzung\/","title":{"rendered":"Satzung"},"content":{"rendered":"\n<h2 class=\"wp-block-heading\"><strong>\u00a7 1 ZWECK UND ZIEL<\/strong><\/h2>\n\n\n\n<p>Der Verein verfolgt ausschlie\u00dflich und unmittelbar gemeinn\u00fctzige Zwecke im Sinne des Abschnitts ,,Steuerbeg\u00fcnstigte Zwecke&#8220; der Abgabenordnung. Zweck der K\u00f6rperschaft ist die Beschaffung von Mitteln f\u00fcr die F\u00f6rderung der Erziehung und der Jugendhilfe durch andere steuerbeg\u00fcnstigte K\u00f6rperschaften. Der Zweck wird verwirklicht insbesondere durch die ideelle und materielle Unterst\u00fctzung der Caritas Kindertagesst\u00e4tte K\u00fcrten-Olpe und der Caritas-Waldkindertagesst\u00e4tte Olpe.<br>Der Verein ist selbstlos t\u00e4tig; er verfolgt nicht in erster Linie eigenwirtschaftliche Zwecke.<br>Mittel des Vereins d\u00fcrfen nur f\u00fcr die satzungsm\u00e4\u00dfigen Zwecke verwendet werden. Die Mitglieder erhalten keine Zuwendungen aus Mitteln des Vereins.<br>Es darf keine Person durch Ausgaben, die dem Zweck des Vereins fremd sind, oder durch unverh\u00e4ltnism\u00e4\u00dfig hohe Verg\u00fctungen beg\u00fcnstigt werden.<\/p>\n\n\n\n<h2 class=\"wp-block-heading\">\u00a7 2 NAME<\/h2>\n\n\n\n<p>Der Verein tr\u00e4gt den Namen: \u201eKindergartenf\u00f6rderverein Olpe e.V.\u201c.<\/p>\n\n\n\n<h2 class=\"wp-block-heading\">\u00a7 3 SITZ<\/h2>\n\n\n\n<p>Sitz des Vereins ist K\u00fcrten-Olpe.<\/p>\n\n\n\n<h2 class=\"wp-block-heading\"><strong>\u00a7 4 Status des Vereins<\/strong><\/h2>\n\n\n\n<p>Der Verein ist beim Amtsgericht Bergisch Gladbach unter der Vereinsnummer VR 2021 eingetragen. Der Verein ist gemeinn\u00fctzig; Vorstand sowie Mitglieder erhalten keine Zuwendungen aus Vereinsmitteln. Der Verein ist politisch und konfessionell neutral.<\/p>\n\n\n\n<h2 class=\"wp-block-heading\">\u00a7 5 BEURKUNDUNG DER BESCHL\u00dcSSE<\/h2>\n\n\n\n<p>Die Beschl\u00fcsse der Mitgliederversammlung werden im Protokoll beurkundet. Von der Mitgliederversammlung wird ein Protokoll angefertigt. Das Protokoll wird vom Versammlungsleiter unterzeichnet. \u00dcber die Durchsetzung der Beschl\u00fcsse wacht der Vorstand.<\/p>\n\n\n\n<h2 class=\"wp-block-heading\">\u00a7 6 BEITR\u00c4GE<\/h2>\n\n\n\n<p>(1) Die finanziellen Mittel werden durch Spenden und Beitr\u00e4ge aufgebracht.<br>(2) Der Mitgliedsbeitrag kann durch die Mitgliederversammlung neu festgelegt werden.<br>(3) Das Gesch\u00e4ftsjahr entspricht dem Kalenderjahr.<br>(4) Der Verein erhebt einen j\u00e4hrlichen Beitrag in H\u00f6he von mindestens 12 \u20ac.<br>(5) Der Mitgliedsbeitrag ist sp\u00e4testens zum 1. Oktober des jeweiligen Gesch\u00e4ftsjahres f\u00e4llig.<br>(6) Dem Verein k\u00f6nnen Spenden zugef\u00fchrt werden, die im Sinne des \u00a7 1 verwendet werden.<\/p>\n\n\n\n<h2 class=\"wp-block-heading\">\u00a7 7 MITGLIEDSCHAFT<\/h2>\n\n\n\n<p>(1) Mitglied des Vereins kann jede nat\u00fcrliche oder juristische Person werden, die den Zweck des Vereins zu f\u00f6rdern bereit ist und sich zur Zahlung des Mitgliedsbeitrages verpflichtet. Die Mitgliedschaft beginnt mit dem Eingang der Zahlung des Mitgliedsbeitrages.<br>(2) Der Eintritt in den Verein erfolgt durch schriftliche Erkl\u00e4rung gegen\u00fcber einem Vorstandsmitglied oder durch \u00dcberweisung des Mitgliedsbeitrages.<br>(3) Der Austritt erfolgt automatisch nach Ablauf eines Jahres, wenn keine weitere Zahlung erfolgt.<\/p>\n\n\n\n<h2 class=\"wp-block-heading\">\u00a7 8 MITGLIEDERVERSAMMLUNG<\/h2>\n\n\n\n<p>(1) Oberstes Organ des Vereins ist die Mitgliederversammlung. In der Mitgliederversammlung hat jedes Mitglied eine Stimme.<br>(2) Die Angelegenheiten des Vereins werden, soweit sie nicht vom Vorstand zu besorgen sind, durch Beschlussfassung in einer Versammlung der Mitglieder geordnet. Zur G\u00fcltigkeit des Beschlusses ist es erforderlich, dass der Gegenstand bei der Berufung bezeichnet wird.<br>(3) Bei der Beschlussfassung entscheiden die erschienen Mitglieder mit einfacher Stimmenmehrheit.<br>(4) Die Mitgliederversammlung ist mindestens einmal innerhalb eines Kalenderjahres zur Entlastung des Vorstands zu berufen.<br>Die Mitgliederversammlung ist au\u00dferdem innerhalb von 2 Wochen zu berufen, wenn der Vorstand oder 10% der Mitglieder die Berufung schriftlich \u2013 unter Angabe des Zweckes und der Gr\u00fcnde \u2013 verlangen.<br>(5) Die Einladung zur Mitgliederversammlung ergeht durch den Vorstand. Sie muss den Mitgliedern des Vereins 8 Tage vor dem Versammlungstag schriftlich, postalisch, per E-Mail oder Fax mitgeteilt werden.<br>(6) \u00dcber Satzungs\u00e4nderungen und \u00fcber den Antrag auf Aufl\u00f6sung des Vereins ist die Mitgliederversammlung nur beschlussf\u00e4hig, wenn mindestens ein Viertel der eingeschriebenen Mitglieder anwesend sind. Ist die Mitgliederversammlung nicht beschlussf\u00e4hig, so muss der Vorstand innerhalb eines Monats eine weitere Mitgliederversammlung mit gleicher Tagesordnung einberufen. Diese Mitgliederversammlung kann eine Satzungs\u00e4nderung oder die Aufl\u00f6sung des Vereins ohne R\u00fccksicht auf die Zahl der Anwesenden mit einer Mehrheit von zwei Dritteln der abgegebenen Stimmen beschlie\u00dfen.<br>(7) \u00dcber die Beschl\u00fcsse ist eine Niederschrift anzufertigen, die vom Vorstand zu unterzeichnen ist. Die Niederschrift muss den Ort und Tag, sowie Tagesordnung und Anwesenheitsliste der Versammlung enthalten. Diese wird in der n\u00e4chsten Mitgliederversammlung verlesen.<br>(8) Auch ohne Versammlung der Mitglieder ist ein Beschluss g\u00fcltig, wenn alle Mitglieder ihre Zustimmung zum Beschluss schriftlich erkl\u00e4ren.<\/p>\n\n\n\n<h2 class=\"wp-block-heading\">\u00a7 9 VORSTAND<\/h2>\n\n\n\n<p>(1) Der Vorstand im Sinne des \u00a7 26 BGB (\u201egesetzlicher Vorstand\u201c) besteht aus dem\/der 1. und 2. Vorsitzenden und dem\/der Kassierer\/in.<br>(2) Der Gesamtvorstand besteht aus dem gesetzlichen Vorstand sowie einem\/einer Schriftf\u00fchrer\/in und einer\/einem Beisitzer\/in.<br>(3) Der Gesamtvorstand sollte grunds\u00e4tzlich aus dem Kreis der Eltern oder dem n\u00e4heren Umfeld (Tr\u00e4ger oder Besch\u00e4ftigte) der Kindertagesst\u00e4tte kommen.<br>(4) Die Amtszeit des Gesamtvorstandes betr\u00e4gt 2 Jahre, er bleibt jedoch auch nach Ablauf der Amtszeit bis zur Wahl eines neuen Vorstandes im Amt. Der\/Die Vorsitzende des Vorstandes, im Verhinderungsfall sein\/ihr Vertreter, leitet die Mitgliederversammlung. Nach M\u00f6glichkeit sollen 1. und 2. Vorsitzender nicht gemeinsam in einem Jahr zur Wahl anstehen.<br>(5) Die gew\u00e4hlten Vorstandsmitglieder k\u00f6nnen jederzeit durch Beschluss der Mitgliederversammlung abberufen werden.<br>(6) Beschl\u00fcsse des Vorstands werden in einem Protokoll festgehalten.<br>(7) Die T\u00e4tigkeit im Vorstand ist ehrenamtlich und unentgeltlich.<\/p>\n\n\n\n<h2 class=\"wp-block-heading\">\u00a7 10 VERTRETUNGSRECHT<\/h2>\n\n\n\n<p>Der Verein wird durch den Vorstand im Sinne des \u00a7 26 BGB (gesetzlicher Vorstand) vertreten. Jeweils zwei Mitglieder des gesetzlichen Vorstands vertreten gemeinsam. Der Gesamtvorstand ist beschlussf\u00e4hig bei einer Anwesenheit von mindestens drei Mitgliedern. Seine Beschl\u00fcsse werden mit einfacher Mehrheit der abgegebenen Stimmen gefasst. Schriftliche Stimmabgabe muss erfolgen, wenn auch nur ein Mitglied dies verlangt.<\/p>\n\n\n\n<h2 class=\"wp-block-heading\"><strong>\u00a7 11 KASSENPR\u00dcFUNG<\/strong><\/h2>\n\n\n\n<p>Die Kassenpr\u00fcfung erfolgt durch zwei von der Mitgliederversammlung gew\u00e4hlten Kassenpr\u00fcfer\/innen. Die Kassenpr\u00fcfer\/innen d\u00fcrfen nicht Mitglied des Vorstands sein. Eine Wiederwahl ist zul\u00e4ssig.<\/p>\n\n\n\n<h2 class=\"wp-block-heading\">\u00a7 12 ENTLASTUNG<\/h2>\n\n\n\n<p>Die Mitgliederversammlung beschlie\u00dft die Entlastung des Vorstandes.<\/p>\n\n\n\n<h2 class=\"wp-block-heading\">\u00a7 13 TAGESORDNUNG<\/h2>\n\n\n\n<p>In einer ordentlichen Mitgliederversammlung nach Abschluss eines Kassenjahres (\u00a7 7 Abs. 1), sind grunds\u00e4tzlich folgende Tagesordnungspunkte zu behandeln:<\/p>\n\n\n\n<p>(1) Bericht des Vorstandes \u00fcber das vergangene Kalenderjahr<br>(2) Bericht der Kassenpr\u00fcfer<br>(3) Beschluss \u00fcber die Entlastung des Vorstandes<br>(4) Neuwahl der Kassenpr\u00fcfer<\/p>\n\n\n\n<h2 class=\"wp-block-heading\">\u00a7 14 HAFTPFLICHT<\/h2>\n\n\n\n<p>Der Verein haftet gegen\u00fcber den Mitgliedern nicht f\u00fcr Sch\u00e4den und Sachverluste, die bei der Ausf\u00fchrung von T\u00e4tigkeiten und Handlungen entstehen, die auf die Erf\u00fcllung des Vereinszweckes gerichtet sind.<\/p>\n\n\n\n<h2 class=\"wp-block-heading\">\u00a7 15 VERWENDUNG DES VEREINSVERM\u00d6GENS BEI AUFL\u00d6SUNG<\/h2>\n\n\n\n<p>Bei Aufl\u00f6sung oder Aufhebung des Vereins oder bei Wegfall steuerbeg\u00fcnstigter Zwecke f\u00e4llt das Verm\u00f6gen des Vereins an die Gemeinde K\u00fcrten, die es unmittelbar und ausschlie\u00dflich f\u00fcr gemeinn\u00fctzige Zwecke, insbesondere zur F\u00f6rderung der der Erziehung und Jugendhilfe, zu verwenden hat.<\/p>\n\n\n\n<h2 class=\"wp-block-heading\">\u00a7 16 GERICHTSSTAND \/ ERF\u00dcLLUNGSORT<\/h2>\n\n\n\n<p>Gerichtsstand und Erf\u00fcllungsort ist K\u00fcrten<\/p>\n","protected":false},"excerpt":{"rendered":"<p>\u00a7 1 ZWECK UND ZIEL Der Verein verfolgt ausschlie\u00dflich und unmittelbar gemeinn\u00fctzige Zwecke im Sinne des Abschnitts ,,Steuerbeg\u00fcnstigte Zwecke&#8220; der &hellip; <\/p>\n","protected":false},"author":1,"featured_media":109,"parent":0,"menu_order":0,"comment_status":"closed","ping_status":"closed","template":"","meta":{"footnotes":""},"class_list":["post-28","page","type-page","status-publish","has-post-thumbnail","hentry"],"_links":{"self":[{"href":"https:\/\/foerderverein-kita-olpe.de\/index.php\/wp-json\/wp\/v2\/pages\/28","targetHints":{"allow":["GET"]}}],"collection":[{"href":"https:\/\/foerderverein-kita-olpe.de\/index.php\/wp-json\/wp\/v2\/pages"}],"about":[{"href":"https:\/\/foerderverein-kita-olpe.de\/index.php\/wp-json\/wp\/v2\/types\/page"}],"author":[{"embeddable":true,"href":"https:\/\/foerderverein-kita-olpe.de\/index.php\/wp-json\/wp\/v2\/users\/1"}],"replies":[{"embeddable":true,"href":"https:\/\/foerderverein-kita-olpe.de\/index.php\/wp-json\/wp\/v2\/comments?post=28"}],"version-history":[{"count":17,"href":"https:\/\/foerderverein-kita-olpe.de\/index.php\/wp-json\/wp\/v2\/pages\/28\/revisions"}],"predecessor-version":[{"id":340,"href":"https:\/\/foerderverein-kita-olpe.de\/index.php\/wp-json\/wp\/v2\/pages\/28\/revisions\/340"}],"wp:featuredmedia":[{"embeddable":true,"href":"https:\/\/foerderverein-kita-olpe.de\/index.php\/wp-json\/wp\/v2\/media\/109"}],"wp:attachment":[{"href":"https:\/\/foerderverein-kita-olpe.de\/index.php\/wp-json\/wp\/v2\/media?parent=28"}],"curies":[{"name":"wp","href":"https:\/\/api.w.org\/{rel}","templated":true}]}}