{"id":179,"date":"2021-07-06T22:55:20","date_gmt":"2021-07-06T20:55:20","guid":{"rendered":"http:\/\/test.foerderverein-kita-olpe.de\/?page_id=179"},"modified":"2024-04-09T10:18:27","modified_gmt":"2024-04-09T08:18:27","slug":"ueber-uns-kurz","status":"publish","type":"page","link":"https:\/\/foerderverein-kita-olpe.de\/index.php\/ueber-uns-kurz\/","title":{"rendered":"\u00dcber uns"},"content":{"rendered":"\n<p>Seit \u00fcber 50 Jahren leistet die Caritas Kindertagesst\u00e4tte K\u00fcrten-Olpe einen wesentlichen Beitrag zur fr\u00fchkindlichen F\u00f6rderung und Entwicklung unserer Kinder. Ausreichend finanzielle Mittel zu erhalten ist nach wie vor schwierig.<\/p>\n\n\n\n<p>Engagierte Eltern gr\u00fcndeten daher bereits 1972 den Kindergartenf\u00f6rderverein Olpe e.V. Unser Anliegen ist es, die Kindertagesst\u00e4tte und den Waldkindergarten finanziell zu unterst\u00fctzen. Der Verein verfolgt dabei ausschlie\u00dflich und unmittelbar gemeinn\u00fctzige Zwecke. <a href=\"http:\/\/foerderverein-kita-olpe.de\/index.php\/ueber-uns\/\">Weiterlesen..<\/a><\/p>\n\n\n\n<p><\/p>\n\n\n\n\n\n<div id=\"CharityBanner\" style=\"align-items: center; justify-content: center; display: flex;\">\n<iframe loading=\"lazy\" width=\"468\" height=\"175\"  name=\"Gooding Banner-Widget\" id=\"Gooding Banner-Widget\" frameborder=\"0\" allowtransparency=\"true\" scrolling=\"yes\" title=\"Gooding Banner-Widget\" src=\"https:\/\/erweiterungen.gooding.de\/app\/widget\/caritas-kindertagesstaette-kuerten-olpe-117984\/high-banner\/tab\/0\/donations\/1\/v\/1712650673.lEONC03Ev9CI2MQF%252Bsf9t1zJ9oHYhNvjSXluuVCDPaG4LxLoXAJIe7fG3gnqDvwMD9pZg0P%252FkAw%252B3B52tTbYS6g%252BCtoNCom4H10gKPonffdEl5q119fw3yfBNuvZlbjKxVv3aX7KN%252FmpWcYq4P9FtZNSmlageOsFURlGu05uVd4%253D\"><\/iframe>\n<\/div>\n","protected":false},"excerpt":{"rendered":"<p>Seit \u00fcber 50 Jahren leistet die Caritas Kindertagesst\u00e4tte K\u00fcrten-Olpe einen wesentlichen Beitrag zur fr\u00fchkindlichen F\u00f6rderung und Entwicklung unserer Kinder. Ausreichend &hellip; <\/p>\n","protected":false},"author":1,"featured_media":0,"parent":0,"menu_order":0,"comment_status":"closed","ping_status":"closed","template":"","meta":{"footnotes":""},"class_list":["post-179","page","type-page","status-publish","hentry"],"_links":{"self":[{"href":"https:\/\/foerderverein-kita-olpe.de\/index.php\/wp-json\/wp\/v2\/pages\/179","targetHints":{"allow":["GET"]}}],"collection":[{"href":"https:\/\/foerderverein-kita-olpe.de\/index.php\/wp-json\/wp\/v2\/pages"}],"about":[{"href":"https:\/\/foerderverein-kita-olpe.de\/index.php\/wp-json\/wp\/v2\/types\/page"}],"author":[{"embeddable":true,"href":"https:\/\/foerderverein-kita-olpe.de\/index.php\/wp-json\/wp\/v2\/users\/1"}],"replies":[{"embeddable":true,"href":"https:\/\/foerderverein-kita-olpe.de\/index.php\/wp-json\/wp\/v2\/comments?post=179"}],"version-history":[{"count":13,"href":"https:\/\/foerderverein-kita-olpe.de\/index.php\/wp-json\/wp\/v2\/pages\/179\/revisions"}],"predecessor-version":[{"id":655,"href":"https:\/\/foerderverein-kita-olpe.de\/index.php\/wp-json\/wp\/v2\/pages\/179\/revisions\/655"}],"wp:attachment":[{"href":"https:\/\/foerderverein-kita-olpe.de\/index.php\/wp-json\/wp\/v2\/media?parent=179"}],"curies":[{"name":"wp","href":"https:\/\/api.w.org\/{rel}","templated":true}]}}